{"id":526,"date":"2023-09-13T11:00:21","date_gmt":"2023-09-13T09:00:21","guid":{"rendered":"http:\/\/local.ducasse-paris.com\/mention-legales-credits\/"},"modified":"2024-10-31T17:48:42","modified_gmt":"2024-10-31T16:48:42","slug":"legals","status":"publish","type":"page","link":"https:\/\/www.ducasse-paris.com\/en\/legals\/","title":{"rendered":"Legal notices"},"content":{"rendered":"<div class=\"wysiwyg\">\n<h4>Editor<\/h4>\n<p>DE GUSTIBUS SAS \u2013\u00a0DUCASSE\u00a0Paris<br \/>\nShare capital: 14 894,27 \u20ac<\/p>\n<p>Immeuble Bords de Seine 1<br \/>\n3 Esplanade du Foncet<br \/>\n92441 Issy-les-Moulineaux \u2013 Cedex &#8211; France<br \/>\nRCS : Nanterre B 420 833 410<\/p>\n<p>Intra-community VAT:\u00a0 FR40 420 833 410.<br \/>\nE-mail :\u00a0<a href=\"mailto:contact.webmaster@ducasse-paris.com\">contact.webmaster@ducasse-paris.com<\/a><\/p>\n<p>&nbsp;<\/p>\n<h4>Website host<\/h4>\n<p>OVH SAS &#8211;\u00a0<a href=\"http:\/\/www.ovh.com\/\">www.ovh.com<\/a><\/p>\n<p>2 rue Kellermann<br \/>\n59100 Roubaix<\/p>\n<p>E-mail :\u00a0<a href=\"mailto:support@ovh.com\">support@ovh.com<\/a><\/p>\n<h4>Personal data protection policy<\/h4>\n<p>You can consult\u00a0<a href=\"\/en\/privacy-policy\/\">here<\/a>\u00a0our entire privacy policy.<\/p>\n<p>&nbsp;<\/p>\n<h4>Intellectual property<\/h4>\n<p>All texts, comments, works, illustrations works and images reproduced or represented on the website are strictly reserved in respect of copyright as well as being worldwide intellectual property. On this basis and in accordance with the provisions of the Code of intellectual property, only use for private use subject further restrictive provisions of the Code of intellectual property is authorized. Any reproduction or total or partial representation of the site or any portion of the elements found on the site is strictly prohibited. Any establishment of hypertext links to the site without express permission of Ducasse Paris\u00a0is also strictly prohibited. Any fraudulent use of the brands, models, logos and names appearing on the site, in fraud of the rights of\u00a0Ducasse Paris\u00a0as well as the companies and brands of companies of DUCASSE Paris, constitutes an act of infringement likely to engage the responsibility of its author on the basis of articles L713-2 et seq. of the Code of intellectual property, and community and international texts on the subject.<\/p>\n<p>&nbsp;<\/p>\n<h4>Data protection act<\/h4>\n<p>By making the booking via the Site www.ducasseparis.com, the Customer consents to the use by DUCASSE Paris of any personal data. This is necessary for the proper treatment of the reservation. Under the Data Protection Act of 6 January 1978, the Customer has a right of access and rectification and opposition to personal data. All that is required is to write an e-mail to\u00a0<a href=\"mailto:contact.webmaster@ducasse-paris.com\">contact.webmaster@ducasse-paris.com<\/a>\u00a0indicating name, e-mail address and if possible a customer reference. In accordance with the rules, the request must be signed and accompanied by the photocopy of an identity document bearing the signature of the applicant and the address to which the response must be received. A response will be sent to him within two (2) months after receiving the request. If you do not wish to receive marketing information from DUCASSE Paris, it is required to specify this request in the e-mail. In accordance with the law n\u00b0 78-17 of 6 January 1978, no personal information is collected without the knowledge of the customer.<\/p>\n<p>&nbsp;<\/p>\n<h4>Responsibility<\/h4>\n<p>DUCASSE Paris disclaims any liability for access to its site or interruptions in whatever causes connection problems. Moreover, it can not be held responsible for any damage or virus that may infect your computer or other equipment, in case of access to the site or download from this site.<\/p>\n<p>&nbsp;<\/p>\n<h4>Exemption from the technical responsibility<\/h4>\n<p>DUCASSE Paris does not guarantee the accuracy or completeness of the information published on the site. It cannot therefore be held responsible for errors or omissions, and downtime information. The information available on the site are for informational purposes and constitute an offer of services and products. They are subject to change at any time, given the interactivity of the site, without this being a liability for the company DUCASSE Paris.<\/p>\n<p>&nbsp;<\/p>\n<h4>Exemption from liability for the content of linked sites<\/h4>\n<p>The hypertext links set up within the framework of this website leading to other resources on the Internet are provided solely for the convenience and neither the content nor the links that they contain, nor any changes or updates made to them are the responsibility of the site\u00a0<a href=\"https:\/\/www.ducasse-paris.com\/\">www.ducasse-paris.com<\/a><\/p>\n<p>&nbsp;<\/p>\n<h4 id=\"cookie\">Cookies<\/h4>\n<p>This site uses cookies. These are files containing an identifier sent from a web server to the web browser and stored on the user&#8217;s computer. They can be used to facilitate access and follow the path of the user when browsing the site. When visiting the site, the user may also receive cookies from third parties, including Google Analytics. This solution allows us to analyze site usage and generate statistics consultation. Google confidentiality rules are available at\u00a0<a href=\"https:\/\/www.google.fr\/intl\/fr\/policies\/\">https:\/\/www.google.fr\/intl\/fr\/policies\/<\/a><\/p>\n<p>You can accept or decline cookies. Setting management of cookies depends on your browser. Information about cookie management for major browsers are available at the addresses below:<\/p>\n<p>&#8211; For Internet Explorer :\u00a0<a href=\"https:\/\/support.microsoft.com\/fr-fr\/help\/17442\/windows-internet-explorer-delete-manage-cookies\">https:\/\/support.microsoft.com\/fr-fr\/help\/17442\/windows-internet-explorer-delete-manage-cookies<\/a><br \/>\n&#8211; For Chrome :\u00a0<a href=\"http:\/\/support.google.com\/chrome\/bin\/answer.py?hl=fr&amp;hlrm=en&amp;answer=95647\">http:\/\/support.google.com\/chrome\/bin\/answer.py?hl=fr&amp;hlrm=en&amp;answer=95647<\/a><br \/>\n&#8211; For Safari :\u00a0<a href=\"http:\/\/support.apple.com\/kb\/HT1677?viewlocale=fr_FR\">http:\/\/support.apple.com\/kb\/HT1677?viewlocale=fr_FR<\/a><br \/>\n&#8211; For Firefox :\u00a0<a href=\"http:\/\/support.mozilla.org\/fr\/kb\/activer-desactiver-cookies?redirectlocale=fr&amp;redirectslug=Activer+et+d%C3%A9sactiver+les+cookies\">http:\/\/support.mozilla.org\/fr\/kb\/activer-desactiver-cookies?redirectlocale=fr&amp;redirectslug=Activer+et+d%C3%A9sactiver+les+cookies<\/a><br \/>\n&#8211; For Op\u00e9ra :\u00a0<a href=\"http:\/\/help.opera.com\/Windows\/10.20\/fr\/cookies.html\">http:\/\/help.opera.com\/Windows\/10.20\/fr\/cookies.html<\/a><\/p>\n<p>&nbsp;<\/p>\n<h4>Applicable Laws<\/h4>\n<p>These conditions are governed exclusively by French law. The language of this contract is the French language. In case of translation, the French version shall prevail. Failing settlement, the Commercial Court of Nanterre shall have exclusive jurisdiction over any dispute or conflict concerning them.<\/p>\n<p>&nbsp;<\/p>\n<h4>Update<\/h4>\n<p>This site requires regular update. For this reason we invite you to check our terms regularly.<\/p>\n<p>&nbsp;<\/p>\n<h4>Credits<\/h4>\n<p>Conception, design and website production: Symediane <a href=\"https:\/\/www.symediane.com\" target=\"_blank\" rel=\"noopener\">www.symediane.com<\/a><br \/>\nBack-End development website: Symediane <a href=\"https:\/\/www.symediane.com\" target=\"_blank\" rel=\"noopener\">www.symediane.com<\/a><br \/>\nFront-End development website: Symediane <a href=\"https:\/\/www.symediane.com\" target=\"_blank\" rel=\"noopener\">www.symediane.com<\/a><br \/>\nVisual Identity and logo: Pierre Tachon, Soins graphiques &#8211;\u00a0<a href=\"http:\/\/www.soinsgraphiques.com\/\">www.soinsgraphiques.com<\/a><br \/>\nEditorial consulting: Marc Loiseau \u2013\u00a0<a href=\"http:\/\/loiseau-conseil.com\/\">loiseau-conseil.com<\/a><\/p>\n<p>&nbsp;<\/p>\n<h4>Showreel<\/h4>\n<p>Film sequences from le Chocolat Alain Ducasse, Alain Ducasse au Plaza Ath\u00e9n\u00e9e, Ducasse au ch\u00e2teau de Versailles &#8211; Film Director Simon P\u00e9nochet \/ Produced by Blast production &#8211;\u00a0\u00a0<a href=\"http:\/\/www.blast-production.fr\/\">www.blast-production.fr<\/a><\/p>\n<p>&nbsp;<\/p>\n<h4>Photo credits<\/h4>\n<\/div>\n<div class=\"credits\">\n<ul>\n<li><a href=\"https:\/\/pierremonetta.format.com\/\">Pierre Monetta<\/a><\/li>\n<li><a href=\"http:\/\/ateliermai98.com\/\">Atelier Mai 98<\/a><\/li>\n<li>Aimery Chemin<\/li>\n<li>Andrea Vierucci<\/li>\n<li>Beno\u00eet Linero<\/li>\n<li>Bernard Touillon<\/li>\n<li>Brian Brown<\/li>\n<li>Bruce Buck<\/li>\n<li>Christian Larit<\/li>\n<li>Carrie Solomon<\/li>\n<li>Christian Trampenau<\/li>\n<li>Daniel Mordzinski<\/li>\n<li>David Bordes<\/li>\n<li>Didier Loire<\/li>\n<li>E.Toll<\/li>\n<li>Eric Laignel<\/li>\n<li>Evan Sung<\/li>\n<li>F.Ducout<\/li>\n<li>Francois Goudier<\/li>\n<li>Frederic Vasseur<\/li>\n<li>Giovanni Cecchinato<\/li>\n<li>Jean-Marie Del Moral<\/li>\n<li>Joerg Lehmann<\/li>\n<li>Judith Edelmann<\/li>\n<li>Kayoko Nonamura<\/li>\n<li>Lyn Hughes<\/li>\n<li>Lyu Hanabusa<\/li>\n<li>Marcel Jolibois<\/li>\n<li>Marie Hennechart<\/li>\n<li>Matt Aletti<\/li>\n<li>Matthieu Cellard<\/li>\n<li>Michael Piazza<\/li>\n<li>Nicolas Buisson<\/li>\n<li>Nicolas Louis<\/li>\n<li>Oliviero Toscani<\/li>\n<li>Philippe Schaff<\/li>\n<li>SBM Monte Carlo<\/li>\n<li>Stefano Scatta<\/li>\n<li>Takashi Watanabe<\/li>\n<li>Thomas Delhemmes<\/li>\n<li>Thomas Duval<\/li>\n<li>Vanessa Von Zitzewitz<\/li>\n<\/ul>\n<\/div>\n","protected":false},"excerpt":{"rendered":"<p>Editor DE GUSTIBUS SAS \u2013\u00a0DUCASSE\u00a0Paris Share capital: 14 894,27 \u20ac Immeuble Bords de Seine 1 3 Esplanade du Foncet 92441 Issy-les-Moulineaux \u2013 Cedex &#8211; France RCS : Nanterre B 420 833 410 Intra-community VAT:\u00a0 FR40 420 833 410. E-mail :\u00a0contact.webmaster@ducasse-paris.com &nbsp; Website host OVH SAS &#8211;\u00a0www.ovh.com 2 rue Kellermann 59100 Roubaix E-mail :\u00a0support@ovh.com Personal data [&hellip;]<\/p>\n","protected":false},"author":1,"featured_media":0,"parent":0,"menu_order":31,"comment_status":"closed","ping_status":"closed","template":"","meta":{"_acf_changed":false,"inline_featured_image":false,"footnotes":""},"class_list":["post-526","page","type-page","status-publish","hentry"],"acf":[],"yoast_head":"<!-- This site is optimized with the Yoast SEO plugin v27.1.1 - https:\/\/yoast.com\/product\/yoast-seo-wordpress\/ -->\n<title>Legal notices | DUCASSE Paris<\/title>\n<meta name=\"description\" content=\"Find the legal terms of the Groupe Ducasse Paris website.\" \/>\n<meta name=\"robots\" content=\"index, follow, max-snippet:-1, max-image-preview:large, max-video-preview:-1\" \/>\n<link rel=\"canonical\" href=\"https:\/\/www.ducasse-paris.com\/en\/legals\/\" \/>\n<meta property=\"og:locale\" content=\"en_US\" \/>\n<meta property=\"og:type\" content=\"article\" \/>\n<meta property=\"og:title\" content=\"Legal notices | DUCASSE Paris\" \/>\n<meta property=\"og:description\" content=\"Find the legal terms of the Groupe Ducasse Paris website.\" \/>\n<meta property=\"og:url\" content=\"https:\/\/www.ducasse-paris.com\/en\/legals\/\" \/>\n<meta property=\"og:site_name\" content=\"Ducasse Paris\" \/>\n<meta property=\"article:modified_time\" content=\"2024-10-31T16:48:42+00:00\" \/>\n<meta name=\"twitter:card\" content=\"summary_large_image\" \/>\n<meta name=\"twitter:label1\" content=\"Est. reading time\" \/>\n\t<meta name=\"twitter:data1\" content=\"5 minutes\" \/>\n<script type=\"application\/ld+json\" class=\"yoast-schema-graph\">{\"@context\":\"https:\/\/schema.org\",\"@graph\":[{\"@type\":\"WebPage\",\"@id\":\"https:\/\/www.ducasse-paris.com\/en\/legals\/\",\"url\":\"https:\/\/www.ducasse-paris.com\/en\/legals\/\",\"name\":\"Legal notices | DUCASSE Paris\",\"isPartOf\":{\"@id\":\"https:\/\/www.ducasse-paris.com\/en\/#website\"},\"datePublished\":\"2023-09-13T09:00:21+00:00\",\"dateModified\":\"2024-10-31T16:48:42+00:00\",\"description\":\"Find the legal terms of the Groupe Ducasse Paris website.\",\"breadcrumb\":{\"@id\":\"https:\/\/www.ducasse-paris.com\/en\/legals\/#breadcrumb\"},\"inLanguage\":\"en-US\",\"potentialAction\":[{\"@type\":\"ReadAction\",\"target\":[\"https:\/\/www.ducasse-paris.com\/en\/legals\/\"]}]},{\"@type\":\"BreadcrumbList\",\"@id\":\"https:\/\/www.ducasse-paris.com\/en\/legals\/#breadcrumb\",\"itemListElement\":[{\"@type\":\"ListItem\",\"position\":1,\"name\":\"Accueil\",\"item\":\"https:\/\/www.ducasse-paris.com\/en\/\"},{\"@type\":\"ListItem\",\"position\":2,\"name\":\"Legal notices\"}]},{\"@type\":\"WebSite\",\"@id\":\"https:\/\/www.ducasse-paris.com\/en\/#website\",\"url\":\"https:\/\/www.ducasse-paris.com\/en\/\",\"name\":\"Ducasse Paris\",\"description\":\"\",\"potentialAction\":[{\"@type\":\"SearchAction\",\"target\":{\"@type\":\"EntryPoint\",\"urlTemplate\":\"https:\/\/www.ducasse-paris.com\/en\/?s={search_term_string}\"},\"query-input\":{\"@type\":\"PropertyValueSpecification\",\"valueRequired\":true,\"valueName\":\"search_term_string\"}}],\"inLanguage\":\"en-US\"}]}<\/script>\n<!-- \/ Yoast SEO plugin. -->","yoast_head_json":{"title":"Legal notices | DUCASSE Paris","description":"Find the legal terms of the Groupe Ducasse Paris website.","robots":{"index":"index","follow":"follow","max-snippet":"max-snippet:-1","max-image-preview":"max-image-preview:large","max-video-preview":"max-video-preview:-1"},"canonical":"https:\/\/www.ducasse-paris.com\/en\/legals\/","og_locale":"en_US","og_type":"article","og_title":"Legal notices | DUCASSE Paris","og_description":"Find the legal terms of the Groupe Ducasse Paris website.","og_url":"https:\/\/www.ducasse-paris.com\/en\/legals\/","og_site_name":"Ducasse Paris","article_modified_time":"2024-10-31T16:48:42+00:00","twitter_card":"summary_large_image","twitter_misc":{"Est. reading time":"5 minutes"},"schema":{"@context":"https:\/\/schema.org","@graph":[{"@type":"WebPage","@id":"https:\/\/www.ducasse-paris.com\/en\/legals\/","url":"https:\/\/www.ducasse-paris.com\/en\/legals\/","name":"Legal notices | DUCASSE Paris","isPartOf":{"@id":"https:\/\/www.ducasse-paris.com\/en\/#website"},"datePublished":"2023-09-13T09:00:21+00:00","dateModified":"2024-10-31T16:48:42+00:00","description":"Find the legal terms of the Groupe Ducasse Paris website.","breadcrumb":{"@id":"https:\/\/www.ducasse-paris.com\/en\/legals\/#breadcrumb"},"inLanguage":"en-US","potentialAction":[{"@type":"ReadAction","target":["https:\/\/www.ducasse-paris.com\/en\/legals\/"]}]},{"@type":"BreadcrumbList","@id":"https:\/\/www.ducasse-paris.com\/en\/legals\/#breadcrumb","itemListElement":[{"@type":"ListItem","position":1,"name":"Accueil","item":"https:\/\/www.ducasse-paris.com\/en\/"},{"@type":"ListItem","position":2,"name":"Legal notices"}]},{"@type":"WebSite","@id":"https:\/\/www.ducasse-paris.com\/en\/#website","url":"https:\/\/www.ducasse-paris.com\/en\/","name":"Ducasse Paris","description":"","potentialAction":[{"@type":"SearchAction","target":{"@type":"EntryPoint","urlTemplate":"https:\/\/www.ducasse-paris.com\/en\/?s={search_term_string}"},"query-input":{"@type":"PropertyValueSpecification","valueRequired":true,"valueName":"search_term_string"}}],"inLanguage":"en-US"}]}},"_links":{"self":[{"href":"https:\/\/www.ducasse-paris.com\/en\/wp-json\/wp\/v2\/pages\/526","targetHints":{"allow":["GET"]}}],"collection":[{"href":"https:\/\/www.ducasse-paris.com\/en\/wp-json\/wp\/v2\/pages"}],"about":[{"href":"https:\/\/www.ducasse-paris.com\/en\/wp-json\/wp\/v2\/types\/page"}],"author":[{"embeddable":true,"href":"https:\/\/www.ducasse-paris.com\/en\/wp-json\/wp\/v2\/users\/1"}],"replies":[{"embeddable":true,"href":"https:\/\/www.ducasse-paris.com\/en\/wp-json\/wp\/v2\/comments?post=526"}],"version-history":[{"count":11,"href":"https:\/\/www.ducasse-paris.com\/en\/wp-json\/wp\/v2\/pages\/526\/revisions"}],"predecessor-version":[{"id":3235,"href":"https:\/\/www.ducasse-paris.com\/en\/wp-json\/wp\/v2\/pages\/526\/revisions\/3235"}],"wp:attachment":[{"href":"https:\/\/www.ducasse-paris.com\/en\/wp-json\/wp\/v2\/media?parent=526"}],"curies":[{"name":"wp","href":"https:\/\/api.w.org\/{rel}","templated":true}]}}